{"id":12,"date":"2021-03-15T11:34:40","date_gmt":"2021-03-15T11:34:40","guid":{"rendered":"https:\/\/madeinscience.com\/futurodoplaneta\/?page_id=12"},"modified":"2021-03-15T11:34:40","modified_gmt":"2021-03-15T11:34:40","slug":"3-tarefa","status":"publish","type":"page","link":"https:\/\/madeinscience.com\/futurodoplaneta\/3-tarefa\/","title":{"rendered":"3. TAREFA"},"content":{"rendered":"\n<p>\u00c9 isso!<br>Talvez seja essa a chance que a humanidade tem de consertar todos os seus erros!!!<br>Se houver uma m\u00ednima chance dessa pessoa receber minha resposta, preciso me comunicar com ela e mostrar que a Terra pode ser salva!<\/p>\n\n\n\n<p>Agora \u00e9 com voc\u00ea.<\/p>\n\n\n\n<p>Coloque-se no lugar de J\u00e9ssica.<br>Voc\u00ea dever\u00e1 enviar uma mensagem, cientificamente embasada, para convencer esta pessoa do passado de que o Planeta Terra tem salva\u00e7\u00e3o!<\/p>\n","protected":false},"excerpt":{"rendered":"<p>\u00c9 isso!Talvez seja essa a chance que a humanidade tem de consertar todos os seus erros!!!Se houver uma m\u00ednima chance dessa pessoa receber minha resposta, preciso me comunicar com ela e mostrar que a Terra pode ser salva! Agora \u00e9 com voc\u00ea. Coloque-se no lugar de J\u00e9ssica.Voc\u00ea dever\u00e1 enviar uma mensagem, cientificamente embasada, para convencer &hellip; <a href=\"https:\/\/madeinscience.com\/futurodoplaneta\/3-tarefa\/\" class=\"more-link\">Continuar a ler <span class=\"screen-reader-text\">3. TAREFA<\/span><\/a><\/p>\n","protected":false},"author":1,"featured_media":0,"parent":0,"menu_order":0,"comment_status":"closed","ping_status":"closed","template":"","meta":{"footnotes":""},"class_list":["post-12","page","type-page","status-publish","hentry"],"_links":{"self":[{"href":"https:\/\/madeinscience.com\/futurodoplaneta\/wp-json\/wp\/v2\/pages\/12","targetHints":{"allow":["GET"]}}],"collection":[{"href":"https:\/\/madeinscience.com\/futurodoplaneta\/wp-json\/wp\/v2\/pages"}],"about":[{"href":"https:\/\/madeinscience.com\/futurodoplaneta\/wp-json\/wp\/v2\/types\/page"}],"author":[{"embeddable":true,"href":"https:\/\/madeinscience.com\/futurodoplaneta\/wp-json\/wp\/v2\/users\/1"}],"replies":[{"embeddable":true,"href":"https:\/\/madeinscience.com\/futurodoplaneta\/wp-json\/wp\/v2\/comments?post=12"}],"version-history":[{"count":1,"href":"https:\/\/madeinscience.com\/futurodoplaneta\/wp-json\/wp\/v2\/pages\/12\/revisions"}],"predecessor-version":[{"id":13,"href":"https:\/\/madeinscience.com\/futurodoplaneta\/wp-json\/wp\/v2\/pages\/12\/revisions\/13"}],"wp:attachment":[{"href":"https:\/\/madeinscience.com\/futurodoplaneta\/wp-json\/wp\/v2\/media?parent=12"}],"curies":[{"name":"wp","href":"https:\/\/api.w.org\/{rel}","templated":true}]}}