{"id":18,"date":"2021-03-15T11:43:17","date_gmt":"2021-03-15T11:43:17","guid":{"rendered":"https:\/\/madeinscience.com\/futurodoplaneta\/?page_id=18"},"modified":"2021-03-22T10:41:46","modified_gmt":"2021-03-22T10:41:46","slug":"6-criterios-de-avaliacao","status":"publish","type":"page","link":"https:\/\/madeinscience.com\/futurodoplaneta\/6-criterios-de-avaliacao\/","title":{"rendered":"6. AVALIA\u00c7\u00c3O"},"content":{"rendered":"\n<div class=\"wp-block-group\"><div class=\"wp-block-group__inner-container is-layout-flow wp-block-group-is-layout-flow\">\n<p>Voc\u00ea ser\u00e1 avaliado segundo os seguintes crit\u00e9rios:<\/p>\n<\/div><\/div>\n\n\n\n<ul class=\"wp-block-list\" id=\"block-0578d0da-f985-47de-9b3d-ba90f9db4f4f\"><li>Explicar e diferenciar o efeito estufa de aquecimento global.<\/li><li>Explicar como o aquecimento global mudou o Planeta ao longo dos anos.<\/li><li>Explicar como evitar o aquecimento global, preservando o efeito estufa.<\/li><li>Qualidade da produ\u00e7\u00e3o, utiliza\u00e7\u00e3o da linguagem cient\u00edfica e originalidade.<\/li><\/ul>\n","protected":false},"excerpt":{"rendered":"<p>Voc\u00ea ser\u00e1 avaliado segundo os seguintes crit\u00e9rios: Explicar e diferenciar o efeito estufa de aquecimento global. Explicar como o aquecimento global mudou o Planeta ao longo dos anos. Explicar como evitar o aquecimento global, preservando o efeito estufa. Qualidade da produ\u00e7\u00e3o, utiliza\u00e7\u00e3o da linguagem cient\u00edfica e originalidade.<\/p>\n","protected":false},"author":1,"featured_media":0,"parent":0,"menu_order":0,"comment_status":"closed","ping_status":"closed","template":"","meta":{"footnotes":""},"class_list":["post-18","page","type-page","status-publish","hentry"],"_links":{"self":[{"href":"https:\/\/madeinscience.com\/futurodoplaneta\/wp-json\/wp\/v2\/pages\/18","targetHints":{"allow":["GET"]}}],"collection":[{"href":"https:\/\/madeinscience.com\/futurodoplaneta\/wp-json\/wp\/v2\/pages"}],"about":[{"href":"https:\/\/madeinscience.com\/futurodoplaneta\/wp-json\/wp\/v2\/types\/page"}],"author":[{"embeddable":true,"href":"https:\/\/madeinscience.com\/futurodoplaneta\/wp-json\/wp\/v2\/users\/1"}],"replies":[{"embeddable":true,"href":"https:\/\/madeinscience.com\/futurodoplaneta\/wp-json\/wp\/v2\/comments?post=18"}],"version-history":[{"count":5,"href":"https:\/\/madeinscience.com\/futurodoplaneta\/wp-json\/wp\/v2\/pages\/18\/revisions"}],"predecessor-version":[{"id":47,"href":"https:\/\/madeinscience.com\/futurodoplaneta\/wp-json\/wp\/v2\/pages\/18\/revisions\/47"}],"wp:attachment":[{"href":"https:\/\/madeinscience.com\/futurodoplaneta\/wp-json\/wp\/v2\/media?parent=18"}],"curies":[{"name":"wp","href":"https:\/\/api.w.org\/{rel}","templated":true}]}}