{"id":21,"date":"2021-03-15T11:44:29","date_gmt":"2021-03-15T11:44:29","guid":{"rendered":"https:\/\/madeinscience.com\/futurodoplaneta\/?page_id=21"},"modified":"2021-03-15T17:52:48","modified_gmt":"2021-03-15T17:52:48","slug":"7-conclusao","status":"publish","type":"page","link":"https:\/\/madeinscience.com\/futurodoplaneta\/7-conclusao\/","title":{"rendered":"7. CONCLUS\u00c3O"},"content":{"rendered":"\n<p>Ap\u00f3s levantar dados e discutir com o grupo, voc\u00ea dever\u00e1 ser capaz de diferenciar o efeito estufa do aquecimento global, explicando-o e indicando quais as suas causas, a sua influ\u00eancia no clima e na vida do Planeta, as suas consequ\u00eancias e como evit\u00e1-lo.<br><strong>Voc\u00ea acha que conseguiu convencer a pessoa do passado de que a hora de mudar \u00e9 AGORA?<\/strong><\/p>\n","protected":false},"excerpt":{"rendered":"<p>Ap\u00f3s levantar dados e discutir com o grupo, voc\u00ea dever\u00e1 ser capaz de diferenciar o efeito estufa do aquecimento global, explicando-o e indicando quais as suas causas, a sua influ\u00eancia no clima e na vida do Planeta, as suas consequ\u00eancias e como evit\u00e1-lo.Voc\u00ea acha que conseguiu convencer a pessoa do passado de que a hora &hellip; <a href=\"https:\/\/madeinscience.com\/futurodoplaneta\/7-conclusao\/\" class=\"more-link\">Continuar a ler <span class=\"screen-reader-text\">7. CONCLUS\u00c3O<\/span><\/a><\/p>\n","protected":false},"author":1,"featured_media":0,"parent":0,"menu_order":0,"comment_status":"closed","ping_status":"closed","template":"","meta":{"footnotes":""},"class_list":["post-21","page","type-page","status-publish","hentry"],"_links":{"self":[{"href":"https:\/\/madeinscience.com\/futurodoplaneta\/wp-json\/wp\/v2\/pages\/21","targetHints":{"allow":["GET"]}}],"collection":[{"href":"https:\/\/madeinscience.com\/futurodoplaneta\/wp-json\/wp\/v2\/pages"}],"about":[{"href":"https:\/\/madeinscience.com\/futurodoplaneta\/wp-json\/wp\/v2\/types\/page"}],"author":[{"embeddable":true,"href":"https:\/\/madeinscience.com\/futurodoplaneta\/wp-json\/wp\/v2\/users\/1"}],"replies":[{"embeddable":true,"href":"https:\/\/madeinscience.com\/futurodoplaneta\/wp-json\/wp\/v2\/comments?post=21"}],"version-history":[{"count":3,"href":"https:\/\/madeinscience.com\/futurodoplaneta\/wp-json\/wp\/v2\/pages\/21\/revisions"}],"predecessor-version":[{"id":42,"href":"https:\/\/madeinscience.com\/futurodoplaneta\/wp-json\/wp\/v2\/pages\/21\/revisions\/42"}],"wp:attachment":[{"href":"https:\/\/madeinscience.com\/futurodoplaneta\/wp-json\/wp\/v2\/media?parent=21"}],"curies":[{"name":"wp","href":"https:\/\/api.w.org\/{rel}","templated":true}]}}