{"id":7,"date":"2021-03-15T11:31:50","date_gmt":"2021-03-15T11:31:50","guid":{"rendered":"https:\/\/madeinscience.com\/futurodoplaneta\/?page_id=7"},"modified":"2021-03-15T16:43:50","modified_gmt":"2021-03-15T16:43:50","slug":"1-apresentacao","status":"publish","type":"page","link":"https:\/\/madeinscience.com\/futurodoplaneta\/","title":{"rendered":"1. APRESENTA\u00c7\u00c3O"},"content":{"rendered":"\n<p>Esta atividade \u00e9 uma Webquest.<\/p>\n\n\n\n<p>Voc\u00ea dever\u00e1 seguir as etapas, PASSO A PASSO, descritas nas p\u00e1ginas para alcan\u00e7ar seu objetivo.<\/p>\n","protected":false},"excerpt":{"rendered":"<p>Esta atividade \u00e9 uma Webquest. Voc\u00ea dever\u00e1 seguir as etapas, PASSO A PASSO, descritas nas p\u00e1ginas para alcan\u00e7ar seu objetivo.<\/p>\n","protected":false},"author":1,"featured_media":0,"parent":0,"menu_order":0,"comment_status":"closed","ping_status":"closed","template":"","meta":{"footnotes":""},"class_list":["post-7","page","type-page","status-publish","hentry"],"_links":{"self":[{"href":"https:\/\/madeinscience.com\/futurodoplaneta\/wp-json\/wp\/v2\/pages\/7","targetHints":{"allow":["GET"]}}],"collection":[{"href":"https:\/\/madeinscience.com\/futurodoplaneta\/wp-json\/wp\/v2\/pages"}],"about":[{"href":"https:\/\/madeinscience.com\/futurodoplaneta\/wp-json\/wp\/v2\/types\/page"}],"author":[{"embeddable":true,"href":"https:\/\/madeinscience.com\/futurodoplaneta\/wp-json\/wp\/v2\/users\/1"}],"replies":[{"embeddable":true,"href":"https:\/\/madeinscience.com\/futurodoplaneta\/wp-json\/wp\/v2\/comments?post=7"}],"version-history":[{"count":4,"href":"https:\/\/madeinscience.com\/futurodoplaneta\/wp-json\/wp\/v2\/pages\/7\/revisions"}],"predecessor-version":[{"id":35,"href":"https:\/\/madeinscience.com\/futurodoplaneta\/wp-json\/wp\/v2\/pages\/7\/revisions\/35"}],"wp:attachment":[{"href":"https:\/\/madeinscience.com\/futurodoplaneta\/wp-json\/wp\/v2\/media?parent=7"}],"curies":[{"name":"wp","href":"https:\/\/api.w.org\/{rel}","templated":true}]}}