{"id":9,"date":"2021-03-15T11:32:50","date_gmt":"2021-03-15T11:32:50","guid":{"rendered":"https:\/\/madeinscience.com\/futurodoplaneta\/?page_id=9"},"modified":"2021-03-15T17:49:40","modified_gmt":"2021-03-15T17:49:40","slug":"2-introducao","status":"publish","type":"page","link":"https:\/\/madeinscience.com\/futurodoplaneta\/2-introducao\/","title":{"rendered":"2. INTRODU\u00c7\u00c3O"},"content":{"rendered":"\n<p>O ano \u00e9 3200. Os seres humanos vivem embaixo da Terra, em cidades constru\u00eddas em t\u00faneis. Somos apenas 10.000.<br>O Planeta azul agora \u00e9 vermelho como Marte e quente como V\u00eanus.<br>H\u00e1 vida l\u00e1 fora. Isto \u00e9, n\u00e3o a vida como estamos acostumados. Apenas bact\u00e9rias extrem\u00f3filas sobreviveram.<br>As poucas plantas que conseguiram ser salvas, s\u00e3o cultivadas \u00e0 luz artificial.<br>A \u00e1gua \u00e9 escassa e muito valiosa. Retiramos apenas o necess\u00e1rio dos len\u00e7\u00f3is fre\u00e1ticos. Cada ser humano tem direito a tr\u00eas copos por dia.<br>Acho que j\u00e1 \u00e9 noite. N\u00e3o sei, aqui embaixo \u00e9 tudo sempre muito igual.<br>Me chamo J\u00e9ssica. Estou sentada em minha esta\u00e7\u00e3o digital, conectada \u00e0s redes interplanet\u00e1rias, quando, de repente, meu computador recebe uma mensagem estranha.<br>Um e-mail?<br>N\u00e3o pode ser.<br>A data do e-mail \u00e9 do ano de 2021!<br>Algu\u00e9m no passado enviou este e-mail para eu ler no futuro? Quem seria?<br>O e-mail tem apenas uma pergunta\u2026<br>&#8220;Ei, voc\u00ea a\u00ed! Como \u00e9 viver no futuro?&#8221;<\/p>\n","protected":false},"excerpt":{"rendered":"<p>O ano \u00e9 3200. Os seres humanos vivem embaixo da Terra, em cidades constru\u00eddas em t\u00faneis. Somos apenas 10.000.O Planeta azul agora \u00e9 vermelho como Marte e quente como V\u00eanus.H\u00e1 vida l\u00e1 fora. Isto \u00e9, n\u00e3o a vida como estamos acostumados. Apenas bact\u00e9rias extrem\u00f3filas sobreviveram.As poucas plantas que conseguiram ser salvas, s\u00e3o cultivadas \u00e0 luz &hellip; <a href=\"https:\/\/madeinscience.com\/futurodoplaneta\/2-introducao\/\" class=\"more-link\">Continuar a ler <span class=\"screen-reader-text\">2. INTRODU\u00c7\u00c3O<\/span><\/a><\/p>\n","protected":false},"author":1,"featured_media":0,"parent":0,"menu_order":0,"comment_status":"closed","ping_status":"closed","template":"","meta":{"footnotes":""},"class_list":["post-9","page","type-page","status-publish","hentry"],"_links":{"self":[{"href":"https:\/\/madeinscience.com\/futurodoplaneta\/wp-json\/wp\/v2\/pages\/9","targetHints":{"allow":["GET"]}}],"collection":[{"href":"https:\/\/madeinscience.com\/futurodoplaneta\/wp-json\/wp\/v2\/pages"}],"about":[{"href":"https:\/\/madeinscience.com\/futurodoplaneta\/wp-json\/wp\/v2\/types\/page"}],"author":[{"embeddable":true,"href":"https:\/\/madeinscience.com\/futurodoplaneta\/wp-json\/wp\/v2\/users\/1"}],"replies":[{"embeddable":true,"href":"https:\/\/madeinscience.com\/futurodoplaneta\/wp-json\/wp\/v2\/comments?post=9"}],"version-history":[{"count":4,"href":"https:\/\/madeinscience.com\/futurodoplaneta\/wp-json\/wp\/v2\/pages\/9\/revisions"}],"predecessor-version":[{"id":40,"href":"https:\/\/madeinscience.com\/futurodoplaneta\/wp-json\/wp\/v2\/pages\/9\/revisions\/40"}],"wp:attachment":[{"href":"https:\/\/madeinscience.com\/futurodoplaneta\/wp-json\/wp\/v2\/media?parent=9"}],"curies":[{"name":"wp","href":"https:\/\/api.w.org\/{rel}","templated":true}]}}